{"id":10,"date":"2012-05-25T19:27:44","date_gmt":"2012-05-25T19:27:44","guid":{"rendered":"http:\/\/www.physiotherapie-montino.de\/?page_id=10"},"modified":"2026-02-23T09:37:10","modified_gmt":"2026-02-23T09:37:10","slug":"rundgang-durch-die-praxis","status":"publish","type":"page","link":"https:\/\/www.physiotherapie-montino.de\/?page_id=10","title":{"rendered":"Alles was gut tut"},"content":{"rendered":"\n<div class=\"wp-block-columns is-layout-flex wp-container-core-columns-is-layout-9d6595d7 wp-block-columns-is-layout-flex\">\n<div class=\"wp-block-column is-layout-flow wp-block-column-is-layout-flow\" style=\"flex-basis:66.66%\">\n<p><strong>Sie k\u00f6nnen bei uns aus den folgenden Anwendungen w\u00e4hlen:<\/strong><\/p>\n\n\n\n<p><strong>Massage<\/strong><br>Das Massieren ist eine Jahrtausende alte Technik zur Vorbeugung und Behandlung von Beschwerden und Erkrankungen im Bereich des Bewegungsapparats.<\/p>\n\n\n\n<p>klassisch (25 Minuten): <strong>26,00 Euro<\/strong><\/p>\n\n\n\n<p>Ganzk\u00f6rpermassage (55 Minuten): <strong>52,00 Euro<\/strong><\/p>\n<\/div>\n\n\n\n<div class=\"wp-block-column is-layout-flow wp-block-column-is-layout-flow\" style=\"flex-basis:33.33%\">\n<figure class=\"wp-block-image size-large\"><img loading=\"lazy\" decoding=\"async\" width=\"1024\" height=\"683\" src=\"https:\/\/www.physiotherapie-montino.de\/wp-content\/uploads\/2026\/01\/539A9532-1024x683.jpg\" alt=\"\" class=\"wp-image-460\" srcset=\"https:\/\/www.physiotherapie-montino.de\/wp-content\/uploads\/2026\/01\/539A9532-1024x683.jpg 1024w, https:\/\/www.physiotherapie-montino.de\/wp-content\/uploads\/2026\/01\/539A9532-500x333.jpg 500w, https:\/\/www.physiotherapie-montino.de\/wp-content\/uploads\/2026\/01\/539A9532-768x512.jpg 768w, https:\/\/www.physiotherapie-montino.de\/wp-content\/uploads\/2026\/01\/539A9532-1536x1024.jpg 1536w, https:\/\/www.physiotherapie-montino.de\/wp-content\/uploads\/2026\/01\/539A9532-2048x1365.jpg 2048w, https:\/\/www.physiotherapie-montino.de\/wp-content\/uploads\/2026\/01\/539A9532-2000x1333.jpg 2000w\" sizes=\"auto, (max-width: 1024px) 100vw, 1024px\" \/><\/figure>\n<\/div>\n<\/div>\n\n\n<p>&nbsp;<\/p>\n<p><strong>Hot Stone<\/strong><br \/>Der Einsatz von hei\u00dfen Steinen bei der Behandlung m\u00fcder Muskulatur hat eine lange<br \/>Tradition. In Asien kannte man \u00e4hnliche Verfahren schon vor 2000 Jahren. Wahrscheinlich eines der momentan beliebtesten Wellness Anwendungen.<\/p>\n<p>55 Minuten: <strong>52,00 Euro<\/strong><\/p>\n<hr \/>\n<p><strong>Aroma \u00d6l Massage<\/strong><br \/>Bei der Aroma\u00f6lmassage werden \u00e4therische \u00d6le in Verbindung mit einem Basis\u00f6l (Mandel- oder Jojoba\u00f6l) sanft in die Haut einmassiert. Bl\u00fcten, Fr\u00fcchte, Bl\u00e4tter und Wurzeln liefern die hochwertigen, feinen \u00e4therischen \u00d6le und rein pflanzlichen Aromaessenzen, die dank ihrer au\u00dfergew\u00f6hnlichen Wirkstoffe den Anspr\u00fcchen des Organismus, der Organe und der\u00a0Haut gerecht werden.<\/p>\n<p>W\u00e4hlen Sie aus folgenden \u00d6len:<\/p>\n<ul>\n<li>Honig Ingwer<\/li>\n<li>Kokos Minze<\/li>\n<li>Lavendel Rosenholz<\/li>\n<li>Limette Bambus<\/li>\n<li>Orange Lemongras<\/li>\n<li>Wildrose<\/li>\n<\/ul>\n<div>30 Minuten: <strong>29,00 Euro<\/strong><\/div>\n<hr \/>\n<p><strong>Hot Chocolate Schokoladen Massage<\/strong><br \/>Eine sehr beliebte Anwendung ist die Hot Chocolate oder auch Schokoladenmassage: Die beruhigende Wirkung der Schokolade \u00fcbertr\u00e4gt sich auf Ihre Haut. Bei dieser besonderen Wellness Massage werden Gl\u00fcckshormone im K\u00f6rper freigesetzt und die Haut erh\u00e4lt ihre jugendliche Frische zur\u00fcck.<\/p>\n<p>25 Minuten: <strong>29,00 Euro<\/strong><\/p>\n<hr \/>","protected":false},"excerpt":{"rendered":"<p>Sie k\u00f6nnen bei uns aus den folgenden Anwendungen w\u00e4hlen: MassageDas Massieren ist eine Jahrtausende alte Technik zur Vorbeugung und Behandlung von Beschwerden und Erkrankungen im Bereich des Bewegungsapparats. klassisch (25 Minuten): 26,00 Euro Ganzk\u00f6rpermassage (55 Minuten): 52,00 Euro &nbsp; Hot StoneDer Einsatz von hei\u00dfen Steinen bei der Behandlung m\u00fcder Muskulatur hat eine langeTradition. In Asien &hellip; <\/p>\n<p class=\"link-more\"><a href=\"https:\/\/www.physiotherapie-montino.de\/?page_id=10\" class=\"more-link\">Mehr <span class=\"screen-reader-text\">\u00fcber &#8222;Alles was gut tut&#8220; <\/span>Lesen<\/a><\/p>\n","protected":false},"author":1,"featured_media":0,"parent":0,"menu_order":40,"comment_status":"closed","ping_status":"closed","template":"","meta":{"footnotes":""},"class_list":["post-10","page","type-page","status-publish","hentry"],"_links":{"self":[{"href":"https:\/\/www.physiotherapie-montino.de\/index.php?rest_route=\/wp\/v2\/pages\/10","targetHints":{"allow":["GET"]}}],"collection":[{"href":"https:\/\/www.physiotherapie-montino.de\/index.php?rest_route=\/wp\/v2\/pages"}],"about":[{"href":"https:\/\/www.physiotherapie-montino.de\/index.php?rest_route=\/wp\/v2\/types\/page"}],"author":[{"embeddable":true,"href":"https:\/\/www.physiotherapie-montino.de\/index.php?rest_route=\/wp\/v2\/users\/1"}],"replies":[{"embeddable":true,"href":"https:\/\/www.physiotherapie-montino.de\/index.php?rest_route=%2Fwp%2Fv2%2Fcomments&post=10"}],"version-history":[{"count":22,"href":"https:\/\/www.physiotherapie-montino.de\/index.php?rest_route=\/wp\/v2\/pages\/10\/revisions"}],"predecessor-version":[{"id":500,"href":"https:\/\/www.physiotherapie-montino.de\/index.php?rest_route=\/wp\/v2\/pages\/10\/revisions\/500"}],"wp:attachment":[{"href":"https:\/\/www.physiotherapie-montino.de\/index.php?rest_route=%2Fwp%2Fv2%2Fmedia&parent=10"}],"curies":[{"name":"wp","href":"https:\/\/api.w.org\/{rel}","templated":true}]}}