{"id":395,"date":"2026-01-21T00:19:00","date_gmt":"2026-01-21T00:19:00","guid":{"rendered":"https:\/\/www.physiotherapie-montino.de\/?page_id=395"},"modified":"2026-01-21T12:19:00","modified_gmt":"2026-01-21T12:19:00","slug":"atemtherapie","status":"publish","type":"page","link":"https:\/\/www.physiotherapie-montino.de\/?page_id=395","title":{"rendered":"Atemtherapie"},"content":{"rendered":"\n<p>Die Atemtherapie ist ein wichtiger Bestandteil der Physiotherapie und unterst\u00fctzt Menschen dabei, ihre Atmung bewusst wahrzunehmen, zu vertiefen und zu erleichtern. Sie hilft, die Lungenfunktion zu verbessern, Spannungen zu l\u00f6sen und das allgemeine Wohlbefinden zu steigern.<\/p>\n\n\n\n<h4 class=\"wp-block-heading\">Was ist Atemtherapie?<\/h4>\n\n\n\n<p>In der Atemtherapie wird gezielt mit Atembewegungen, K\u00f6rperhaltung und sanften manuellen Techniken gearbeitet. Ziel ist es, die Atemr\u00e4ume zu erweitern, die Atemmuskulatur zu entlasten und einen \u00f6konomischen, ruhigen Atemrhythmus zu f\u00f6rdern. Die Therapie wird individuell angepasst und kann sowohl aktiv als auch passiv erfolgen.<\/p>\n\n\n\n<h4 class=\"wp-block-heading\">Wann ist Atemtherapie sinnvoll?<\/h4>\n\n\n\n<p>Atemtherapie wird unter anderem eingesetzt bei:<\/p>\n\n\n\n<ul class=\"wp-block-list\">\n<li>Atemwegserkrankungen (z. B. Asthma, COPD, chronische Bronchitis)<\/li>\n\n\n\n<li>Kurzatmigkeit und Atemnot<\/li>\n\n\n\n<li>Nach Lungenentz\u00fcndungen oder Operationen<\/li>\n\n\n\n<li>Long-COVID \/ Post-COVID-Syndrom<\/li>\n\n\n\n<li>Verspannungen im Brust- und Schulterbereich<\/li>\n\n\n\n<li>Stressbedingten Atembeschwerden<\/li>\n\n\n\n<li>Neurologischen Erkrankungen<\/li>\n<\/ul>\n\n\n\n<h4 class=\"wp-block-heading\">Wie l\u00e4uft eine Behandlung ab?<\/h4>\n\n\n\n<p>Nach einer individuellen Befundaufnahme erfolgt die Behandlung mit atemlenkenden Griffen, Mobilisation des Brustkorbs, Dehnungen und gezielten Atem\u00fcbungen. Erg\u00e4nzend werden K\u00f6rperwahrnehmung, Haltung und Entspannung einbezogen.<br>Ziel ist es, Ihnen Werkzeuge f\u00fcr den Alltag an die Hand zu geben, um Ihre Atmung selbstst\u00e4ndig zu unterst\u00fctzen.<br><\/p>\n\n\n\n<h4 class=\"wp-block-heading\">Ihre Vorteile auf einen Blick<\/h4>\n\n\n\n<ul class=\"wp-block-list\">\n<li>Erleichterung der Atmung<\/li>\n\n\n\n<li>Verbesserung der Lungenbel\u00fcftung<\/li>\n\n\n\n<li>L\u00f6sung von Spannungen im Brustkorb<\/li>\n\n\n\n<li>F\u00f6rderung von Entspannung und K\u00f6rperwahrnehmung<\/li>\n\n\n\n<li>Atemtherapie in unserer Praxis<\/li>\n\n\n\n<li>Unterst\u00fctzung im Umgang mit Atemnot<\/li>\n<\/ul>\n\n\n\n<p>In unserer Praxis nehmen wir uns Zeit f\u00fcr eine individuelle und achtsame Atemtherapie in ruhiger Atmosph\u00e4re. Die Behandlung wird von speziell geschulten Therapeut:innen durchgef\u00fchrt und an Ihre pers\u00f6nlichen Bed\u00fcrfnisse angepasst.<\/p>\n","protected":false},"excerpt":{"rendered":"<p>Die Atemtherapie ist ein wichtiger Bestandteil der Physiotherapie und unterst\u00fctzt Menschen dabei, ihre Atmung bewusst wahrzunehmen, zu vertiefen und zu erleichtern. Sie hilft, die Lungenfunktion zu verbessern, Spannungen zu l\u00f6sen und das allgemeine Wohlbefinden zu steigern. Was ist Atemtherapie? In der Atemtherapie wird gezielt mit Atembewegungen, K\u00f6rperhaltung und sanften manuellen Techniken gearbeitet. Ziel ist es, &hellip; <\/p>\n<p class=\"link-more\"><a href=\"https:\/\/www.physiotherapie-montino.de\/?page_id=395\" class=\"more-link\">Mehr <span class=\"screen-reader-text\">\u00fcber &#8222;Atemtherapie&#8220; <\/span>Lesen<\/a><\/p>\n","protected":false},"author":2,"featured_media":0,"parent":0,"menu_order":0,"comment_status":"closed","ping_status":"closed","template":"","meta":{"footnotes":""},"class_list":["post-395","page","type-page","status-publish","hentry"],"_links":{"self":[{"href":"https:\/\/www.physiotherapie-montino.de\/index.php?rest_route=\/wp\/v2\/pages\/395","targetHints":{"allow":["GET"]}}],"collection":[{"href":"https:\/\/www.physiotherapie-montino.de\/index.php?rest_route=\/wp\/v2\/pages"}],"about":[{"href":"https:\/\/www.physiotherapie-montino.de\/index.php?rest_route=\/wp\/v2\/types\/page"}],"author":[{"embeddable":true,"href":"https:\/\/www.physiotherapie-montino.de\/index.php?rest_route=\/wp\/v2\/users\/2"}],"replies":[{"embeddable":true,"href":"https:\/\/www.physiotherapie-montino.de\/index.php?rest_route=%2Fwp%2Fv2%2Fcomments&post=395"}],"version-history":[{"count":5,"href":"https:\/\/www.physiotherapie-montino.de\/index.php?rest_route=\/wp\/v2\/pages\/395\/revisions"}],"predecessor-version":[{"id":438,"href":"https:\/\/www.physiotherapie-montino.de\/index.php?rest_route=\/wp\/v2\/pages\/395\/revisions\/438"}],"wp:attachment":[{"href":"https:\/\/www.physiotherapie-montino.de\/index.php?rest_route=%2Fwp%2Fv2%2Fmedia&parent=395"}],"curies":[{"name":"wp","href":"https:\/\/api.w.org\/{rel}","templated":true}]}}