{"id":397,"date":"2026-01-21T00:19:38","date_gmt":"2026-01-21T00:19:38","guid":{"rendered":"https:\/\/www.physiotherapie-montino.de\/?page_id=397"},"modified":"2026-01-21T01:18:24","modified_gmt":"2026-01-21T01:18:24","slug":"fango","status":"publish","type":"page","link":"https:\/\/www.physiotherapie-montino.de\/?page_id=397","title":{"rendered":"Fango"},"content":{"rendered":"\n<p>Fango ist eine bew\u00e4hrte W\u00e4rmeanwendung in der Physiotherapie. Die wohltuende W\u00e4rme wirkt entspannend auf Muskeln, f\u00f6rdert die Durchblutung und kann Schmerzen lindern. Fango wird h\u00e4ufig begleitend zu einer aktiven physiotherapeutischen Behandlung eingesetzt.<\/p>\n\n\n\n<h4 class=\"wp-block-heading\">Was ist Fango?<\/h4>\n\n\n\n<p>Fango besteht aus mineralhaltigem Naturschlamm, der erw\u00e4rmt und in Form von Packungen auf bestimmte K\u00f6rperregionen aufgelegt wird. Die gleichm\u00e4\u00dfige Tiefenw\u00e4rme dringt langsam ins Gewebe ein und sorgt f\u00fcr eine nachhaltige Entspannung der Muskulatur.<\/p>\n\n\n\n<h4 class=\"wp-block-heading\">Wann ist Fango sinnvoll?<\/h4>\n\n\n\n<p>Fango wird h\u00e4ufig angewendet bei:<\/p>\n\n\n\n<ul class=\"wp-block-list\">\n<li>Muskelverspannungen und muskul\u00e4ren Verh\u00e4rtungen<\/li>\n\n\n\n<li>R\u00fcckenschmerzen<\/li>\n\n\n\n<li>Gelenkbeschwerden (z. B. Schulter, H\u00fcfte, Knie)<\/li>\n\n\n\n<li>Chronischen Schmerzen<\/li>\n\n\n\n<li>Arthrose<\/li>\n\n\n\n<li>Bewegungseinschr\u00e4nkungen<\/li>\n\n\n\n<li>Zur Vorbereitung auf eine physiotherapeutische Behandlung<\/li>\n<\/ul>\n\n\n\n<h4 class=\"wp-block-heading\">Wie l\u00e4uft eine Behandlung ab?<\/h4>\n\n\n\n<p>Die erw\u00e4rmte Fangopackung wird auf die betroffene K\u00f6rperregion aufgelegt und angenehm fixiert. W\u00e4hrend der Ruhephase kann die W\u00e4rme ihre entspannende Wirkung entfalten. Die Behandlung dauert in der Regel 15\u201320 Minuten und wird h\u00e4ufig im Anschluss durch Krankengymnastik oder manuelle Therapie erg\u00e4nzt.<\/p>\n\n\n\n<h4 class=\"wp-block-heading\">Ihre Vorteile auf einen Blick<\/h4>\n\n\n\n<ul class=\"wp-block-list\">\n<li>Tiefenwirksame, gleichm\u00e4\u00dfige W\u00e4rme<\/li>\n\n\n\n<li>Entspannung der MuskulaturF\u00f6rderung der Durchblutung<\/li>\n\n\n\n<li>Schmerzlindernde Wirkung<\/li>\n\n\n\n<li>Ideale Vorbereitung auf aktive Therapie<\/li>\n<\/ul>\n\n\n\n<h4 class=\"wp-block-heading\">Fango in unserer Praxis<\/h4>\n\n\n\n<p>In unserer Praxis wird Fango als erg\u00e4nzende W\u00e4rmeanwendung eingesetzt und individuell auf Ihre Beschwerden abgestimmt. Wir achten auf eine angenehme Temperatur und eine ruhige Atmosph\u00e4re, damit Sie die Behandlung entspannt genie\u00dfen k\u00f6nnen.<\/p>\n","protected":false},"excerpt":{"rendered":"<p>Fango ist eine bew\u00e4hrte W\u00e4rmeanwendung in der Physiotherapie. Die wohltuende W\u00e4rme wirkt entspannend auf Muskeln, f\u00f6rdert die Durchblutung und kann Schmerzen lindern. Fango wird h\u00e4ufig begleitend zu einer aktiven physiotherapeutischen Behandlung eingesetzt. Was ist Fango? Fango besteht aus mineralhaltigem Naturschlamm, der erw\u00e4rmt und in Form von Packungen auf bestimmte K\u00f6rperregionen aufgelegt wird. Die gleichm\u00e4\u00dfige Tiefenw\u00e4rme &hellip; <\/p>\n<p class=\"link-more\"><a href=\"https:\/\/www.physiotherapie-montino.de\/?page_id=397\" class=\"more-link\">Mehr <span class=\"screen-reader-text\">\u00fcber &#8222;Fango&#8220; <\/span>Lesen<\/a><\/p>\n","protected":false},"author":2,"featured_media":0,"parent":0,"menu_order":0,"comment_status":"closed","ping_status":"closed","template":"","meta":{"footnotes":""},"class_list":["post-397","page","type-page","status-publish","hentry"],"_links":{"self":[{"href":"https:\/\/www.physiotherapie-montino.de\/index.php?rest_route=\/wp\/v2\/pages\/397","targetHints":{"allow":["GET"]}}],"collection":[{"href":"https:\/\/www.physiotherapie-montino.de\/index.php?rest_route=\/wp\/v2\/pages"}],"about":[{"href":"https:\/\/www.physiotherapie-montino.de\/index.php?rest_route=\/wp\/v2\/types\/page"}],"author":[{"embeddable":true,"href":"https:\/\/www.physiotherapie-montino.de\/index.php?rest_route=\/wp\/v2\/users\/2"}],"replies":[{"embeddable":true,"href":"https:\/\/www.physiotherapie-montino.de\/index.php?rest_route=%2Fwp%2Fv2%2Fcomments&post=397"}],"version-history":[{"count":4,"href":"https:\/\/www.physiotherapie-montino.de\/index.php?rest_route=\/wp\/v2\/pages\/397\/revisions"}],"predecessor-version":[{"id":424,"href":"https:\/\/www.physiotherapie-montino.de\/index.php?rest_route=\/wp\/v2\/pages\/397\/revisions\/424"}],"wp:attachment":[{"href":"https:\/\/www.physiotherapie-montino.de\/index.php?rest_route=%2Fwp%2Fv2%2Fmedia&parent=397"}],"curies":[{"name":"wp","href":"https:\/\/api.w.org\/{rel}","templated":true}]}}