{"id":40,"date":"2012-05-28T16:37:16","date_gmt":"2012-05-28T16:37:16","guid":{"rendered":"http:\/\/www.physiotherapie-montino.de\/?page_id=40"},"modified":"2026-01-24T22:45:03","modified_gmt":"2026-01-24T22:45:03","slug":"startseite","status":"publish","type":"page","link":"https:\/\/www.physiotherapie-montino.de\/","title":{"rendered":"Herzlich Willkommen"},"content":{"rendered":"\n<div class=\"wp-block-columns are-vertically-aligned-top is-layout-flex wp-container-core-columns-is-layout-9d6595d7 wp-block-columns-is-layout-flex\">\n<div class=\"wp-block-column is-vertically-aligned-top is-layout-flow wp-block-column-is-layout-flow\" style=\"flex-basis:66.66%\">\n<p>Wir begr\u00fc\u00dfen Sie ganz herzlich auf unserer Homepage und freuen uns \u00fcber Ihr Interesse.<\/p>\n\n\n\n<p>Auf den folgenden Seiten stellen wir Ihnen unsere Praxis, unser Team und unser<br>Therapieangebot vor und hoffen, Ihnen einen detaillierten Einblick in unser Leistungsspektrum geben zu k\u00f6nnen.<\/p>\n\n\n\n<p>Sollten Sie weitergehende Fragen haben, k\u00f6nnen Sie uns gerne jederzeit telefonisch kontaktieren unter: 05642 985482<\/p>\n<\/div>\n\n\n\n<div class=\"wp-block-column is-vertically-aligned-top is-layout-flow wp-block-column-is-layout-flow\" style=\"flex-basis:33.33%\">\n<figure class=\"wp-block-image size-large\"><img loading=\"lazy\" decoding=\"async\" width=\"1024\" height=\"683\" src=\"https:\/\/www.physiotherapie-montino.de\/wp-content\/uploads\/2026\/01\/539A9571-1024x683.jpg\" alt=\"\" class=\"wp-image-469\" srcset=\"https:\/\/www.physiotherapie-montino.de\/wp-content\/uploads\/2026\/01\/539A9571-1024x683.jpg 1024w, https:\/\/www.physiotherapie-montino.de\/wp-content\/uploads\/2026\/01\/539A9571-500x333.jpg 500w, https:\/\/www.physiotherapie-montino.de\/wp-content\/uploads\/2026\/01\/539A9571-768x512.jpg 768w, https:\/\/www.physiotherapie-montino.de\/wp-content\/uploads\/2026\/01\/539A9571-1536x1024.jpg 1536w, https:\/\/www.physiotherapie-montino.de\/wp-content\/uploads\/2026\/01\/539A9571-2048x1365.jpg 2048w, https:\/\/www.physiotherapie-montino.de\/wp-content\/uploads\/2026\/01\/539A9571-2000x1333.jpg 2000w\" sizes=\"auto, (max-width: 1024px) 100vw, 1024px\" \/><\/figure>\n<\/div>\n<\/div>\n","protected":false},"excerpt":{"rendered":"<p>Wir begr\u00fc\u00dfen Sie ganz herzlich auf unserer Homepage und freuen uns \u00fcber Ihr Interesse. Auf den folgenden Seiten stellen wir Ihnen unsere Praxis, unser Team und unserTherapieangebot vor und hoffen, Ihnen einen detaillierten Einblick in unser Leistungsspektrum geben zu k\u00f6nnen. Sollten Sie weitergehende Fragen haben, k\u00f6nnen Sie uns gerne jederzeit telefonisch kontaktieren unter: 05642 985482<\/p>\n","protected":false},"author":1,"featured_media":0,"parent":0,"menu_order":1,"comment_status":"closed","ping_status":"closed","template":"","meta":{"footnotes":""},"class_list":["post-40","page","type-page","status-publish","hentry"],"_links":{"self":[{"href":"https:\/\/www.physiotherapie-montino.de\/index.php?rest_route=\/wp\/v2\/pages\/40","targetHints":{"allow":["GET"]}}],"collection":[{"href":"https:\/\/www.physiotherapie-montino.de\/index.php?rest_route=\/wp\/v2\/pages"}],"about":[{"href":"https:\/\/www.physiotherapie-montino.de\/index.php?rest_route=\/wp\/v2\/types\/page"}],"author":[{"embeddable":true,"href":"https:\/\/www.physiotherapie-montino.de\/index.php?rest_route=\/wp\/v2\/users\/1"}],"replies":[{"embeddable":true,"href":"https:\/\/www.physiotherapie-montino.de\/index.php?rest_route=%2Fwp%2Fv2%2Fcomments&post=40"}],"version-history":[{"count":14,"href":"https:\/\/www.physiotherapie-montino.de\/index.php?rest_route=\/wp\/v2\/pages\/40\/revisions"}],"predecessor-version":[{"id":481,"href":"https:\/\/www.physiotherapie-montino.de\/index.php?rest_route=\/wp\/v2\/pages\/40\/revisions\/481"}],"wp:attachment":[{"href":"https:\/\/www.physiotherapie-montino.de\/index.php?rest_route=%2Fwp%2Fv2%2Fmedia&parent=40"}],"curies":[{"name":"wp","href":"https:\/\/api.w.org\/{rel}","templated":true}]}}