{"id":446,"date":"2026-01-21T12:36:12","date_gmt":"2026-01-21T12:36:12","guid":{"rendered":"https:\/\/www.physiotherapie-montino.de\/?page_id=446"},"modified":"2026-01-21T12:39:49","modified_gmt":"2026-01-21T12:39:49","slug":"klassische-massagetherapie","status":"publish","type":"page","link":"https:\/\/www.physiotherapie-montino.de\/?page_id=446","title":{"rendered":"Klassische Massagetherapie"},"content":{"rendered":"\n<p>Die klassische Massagetherapie ist eine bew\u00e4hrte Behandlungsform in der Physiotherapie. Sie dient der Lockerung verspannter Muskulatur, der F\u00f6rderung der Durchblutung und der Linderung von Schmerzen. Gleichzeitig wirkt sie entspannend auf K\u00f6rper und Geist.<\/p>\n\n\n\n<h4 class=\"wp-block-heading\">Was ist klassische Massagetherapie?<\/h4>\n\n\n\n<p>Bei der klassischen Massagetherapie kommen verschiedene Grifftechniken wie Streichungen, Knetungen und Friktionen zum Einsatz. Diese wirken gezielt auf Muskeln und Bindegewebe, l\u00f6sen Verspannungen und verbessern die Gewebedurchblutung.<br>Die Behandlung wird individuell an Ihre Beschwerden und Ihr Empfinden angepasst.<\/p>\n\n\n\n<h4 class=\"wp-block-heading\">Wann ist klassische Massagetherapie sinnvoll?<\/h4>\n\n\n\n<p>Die klassische Massagetherapie wird h\u00e4ufig eingesetzt bei:<\/p>\n\n\n\n<ul class=\"wp-block-list\">\n<li>Muskelverspannungen und muskul\u00e4ren Verh\u00e4rtungen<\/li>\n\n\n\n<li>R\u00fccken- und Nackenschmerzen<\/li>\n\n\n\n<li>Schulter- und Armbeschwerden<\/li>\n\n\n\n<li>Spannungskopfschmerzen<\/li>\n\n\n\n<li>Stressbedingten Beschwerden<\/li>\n\n\n\n<li>Bewegungseinschr\u00e4nkungen<\/li>\n\n\n\n<li>Begleitend zu aktiver Physiotherapie<\/li>\n<\/ul>\n\n\n\n<h4 class=\"wp-block-heading\">Wie l\u00e4uft eine Behandlung ab?<\/h4>\n\n\n\n<p>Nach einer kurzen Befundaufnahme erfolgt die Massage mit gezielten, aufeinander abgestimmten Griffen. Die Behandlung kann lokal oder gro\u00dffl\u00e4chig durchgef\u00fchrt werden und wird h\u00e4ufig als erg\u00e4nzende Ma\u00dfnahme zu anderen physiotherapeutischen Behandlungen eingesetzt.<\/p>\n\n\n\n<h4 class=\"wp-block-heading\">Ihre Vorteile auf einen Blick<\/h4>\n\n\n\n<ul class=\"wp-block-list\">\n<li>L\u00f6sung von Muskelverspannungen<\/li>\n\n\n\n<li>F\u00f6rderung der Durchblutung<\/li>\n\n\n\n<li>Schmerzlinderung<\/li>\n\n\n\n<li>Entspannung von K\u00f6rper und Geist<\/li>\n\n\n\n<li>Unterst\u00fctzung des physiotherapeutischen Behandlungserfolgs<\/li>\n<\/ul>\n\n\n\n<h4 class=\"wp-block-heading\">Klassische Massagetherapie in unserer Praxis<\/h4>\n\n\n\n<p>In unserer Praxis f\u00fchren wir die klassische Massagetherapie in einer ruhigen und angenehmen Atmosph\u00e4re durch. Die Behandlung wird individuell angepasst und sinnvoll in Ihren pers\u00f6nlichen Therapieplan integriert.<\/p>\n","protected":false},"excerpt":{"rendered":"<p>Die klassische Massagetherapie ist eine bew\u00e4hrte Behandlungsform in der Physiotherapie. Sie dient der Lockerung verspannter Muskulatur, der F\u00f6rderung der Durchblutung und der Linderung von Schmerzen. Gleichzeitig wirkt sie entspannend auf K\u00f6rper und Geist. Was ist klassische Massagetherapie? Bei der klassischen Massagetherapie kommen verschiedene Grifftechniken wie Streichungen, Knetungen und Friktionen zum Einsatz. Diese wirken gezielt auf &hellip; <\/p>\n<p class=\"link-more\"><a href=\"https:\/\/www.physiotherapie-montino.de\/?page_id=446\" class=\"more-link\">Mehr <span class=\"screen-reader-text\">\u00fcber &#8222;Klassische Massagetherapie&#8220; <\/span>Lesen<\/a><\/p>\n","protected":false},"author":2,"featured_media":0,"parent":0,"menu_order":0,"comment_status":"closed","ping_status":"closed","template":"","meta":{"footnotes":""},"class_list":["post-446","page","type-page","status-publish","hentry"],"_links":{"self":[{"href":"https:\/\/www.physiotherapie-montino.de\/index.php?rest_route=\/wp\/v2\/pages\/446","targetHints":{"allow":["GET"]}}],"collection":[{"href":"https:\/\/www.physiotherapie-montino.de\/index.php?rest_route=\/wp\/v2\/pages"}],"about":[{"href":"https:\/\/www.physiotherapie-montino.de\/index.php?rest_route=\/wp\/v2\/types\/page"}],"author":[{"embeddable":true,"href":"https:\/\/www.physiotherapie-montino.de\/index.php?rest_route=\/wp\/v2\/users\/2"}],"replies":[{"embeddable":true,"href":"https:\/\/www.physiotherapie-montino.de\/index.php?rest_route=%2Fwp%2Fv2%2Fcomments&post=446"}],"version-history":[{"count":3,"href":"https:\/\/www.physiotherapie-montino.de\/index.php?rest_route=\/wp\/v2\/pages\/446\/revisions"}],"predecessor-version":[{"id":450,"href":"https:\/\/www.physiotherapie-montino.de\/index.php?rest_route=\/wp\/v2\/pages\/446\/revisions\/450"}],"wp:attachment":[{"href":"https:\/\/www.physiotherapie-montino.de\/index.php?rest_route=%2Fwp%2Fv2%2Fmedia&parent=446"}],"curies":[{"name":"wp","href":"https:\/\/api.w.org\/{rel}","templated":true}]}}